{"id":2549,"date":"2024-12-10T12:19:39","date_gmt":"2024-12-10T11:19:39","guid":{"rendered":"https:\/\/intecnologic.com\/aviso-legal-y-politica-de-privacidad\/"},"modified":"2024-12-16T12:07:38","modified_gmt":"2024-12-16T11:07:38","slug":"avis-legal-y-politica-de-privacitat","status":"publish","type":"page","link":"https:\/\/intecnologic.com\/ca\/avis-legal-y-politica-de-privacitat\/","title":{"rendered":"Av\u00eds Legal y Pol\u00edtica de Privacitat"},"content":{"rendered":"\t\t<div data-elementor-type=\"wp-page\" data-elementor-id=\"2549\" class=\"elementor elementor-2549 elementor-2538\">\n\t\t\t\t<div class=\"elementor-element elementor-element-e71a152 e-flex e-con-boxed wpr-particle-no wpr-jarallax-no wpr-parallax-no wpr-sticky-section-no e-con e-parent\" data-id=\"e71a152\" data-element_type=\"container\" data-settings=\"{&quot;background_background&quot;:&quot;classic&quot;}\">\n\t\t\t\t\t<div class=\"e-con-inner\">\n\t\t<div class=\"elementor-element elementor-element-423ace53 e-con-full e-flex wpr-particle-no wpr-jarallax-no wpr-parallax-no wpr-sticky-section-no e-con e-child\" data-id=\"423ace53\" data-element_type=\"container\">\n\t\t\t\t<div class=\"elementor-element elementor-element-33bd8123 elementor-widget elementor-widget-heading\" data-id=\"33bd8123\" data-element_type=\"widget\" data-widget_type=\"heading.default\">\n\t\t\t\t<div class=\"elementor-widget-container\">\n\t\t\t<h1 class=\"elementor-heading-title elementor-size-default\">Av\u00eds Legal y Pol\u00edtica de Privacitat<\/h1>\t\t<\/div>\n\t\t\t\t<\/div>\n\t\t\t\t<\/div>\n\t\t\t\t\t<\/div>\n\t\t\t\t<\/div>\n\t\t<div class=\"elementor-element elementor-element-da71a2c e-flex e-con-boxed wpr-particle-no wpr-jarallax-no wpr-parallax-no wpr-sticky-section-no e-con e-parent\" data-id=\"da71a2c\" data-element_type=\"container\">\n\t\t\t\t\t<div class=\"e-con-inner\">\n\t\t\t\t<div class=\"elementor-element elementor-element-4fde9c2 elementor-widget elementor-widget-text-editor\" data-id=\"4fde9c2\" data-element_type=\"widget\" data-widget_type=\"text-editor.default\">\n\t\t\t\t<div class=\"elementor-widget-container\">\n\t\t\t\t\t\t\t<div class=\"vc_row wpb_row section vc_row-fluid grid_section mpc-row\"><div class=\" section_inner clearfix\"><div class=\"section_inner_margin clearfix\"><div class=\"wpb_column vc_column_container vc_col-sm-12 mpc-column\" data-column-id=\"mpc_column-37675823c018845\"><div class=\"vc_column-inner\"><div class=\"wpb_wrapper\"><div class=\"wpb_text_column wpb_content_element \"><div class=\"wpb_wrapper\"><div class=\"vc_row wpb_row section vc_row-fluid grid_section mpc-row\"><div class=\" section_inner clearfix\"><div class=\"section_inner_margin clearfix\"><div class=\"wpb_column vc_column_container vc_col-sm-12 mpc-column\" data-column-id=\"mpc_column-5967582467c0fed\"><div class=\"vc_column-inner\"><div class=\"wpb_wrapper\"><div class=\"wpb_text_column wpb_content_element \"><div class=\"wpb_wrapper\"><h2><strong><span id=\"result_box\" class=\"\" lang=\"ca\"><span title=\"Aviso Legal \">Av\u00eds Legal<\/span><\/span><\/strong><\/h2><p><span title=\"En cumplimiento de la Ley 34\/2002, de 11 de julio, de Servicios de la Sociedad de la Informaci\u00f3n y Comercio Electr\u00f3nico (LSSI CE), informamos a los usuarios de los datos de la empresa propietaria de esta web: \">En compliment de la Llei 34\/2002, de 11 de juliol, de Serveis de la Societat de la Informaci\u00f3 i Comer\u00e7 Electr\u00f2nic (LSSI CE), informem als usuaris de les dades de l\u2019empresa propiet\u00e0ria d\u2019aquesta web:<\/span><\/p><p>NURIA SU\u00d1EN SAMS\u00d3 \u2013 CIF \/ NIF: 35043989Q<br \/><span title=\"Nombre Comercial: INCENTIUS TECNOLOGICS \">Nom Comercial: Intecnologic<br \/><\/span><span title=\"Domicilio Social: C\/Sardenya n\u00ba 397 1\u00ba-1\u00aa de Barcelona (08025) \">Domicili Social: C\/Moi\u00e0, 9 de Barcelona (08006)<br \/><\/span><span title=\"Correo electr\u00f3nico: &lt;a href=\">Correu electr\u00f2nic: info@intecnologic.com<br \/><\/span><span title=\"Nombre de dominio (sitio web): www.intecnologic.com \">Nom de domini (lloc web): www.intecnologic.com<\/span><\/p><h3><strong><span title=\"Datos de car\u00e1cter personal \/ Pol\u00edtica de privacidad \">Dades de car\u00e0cter personal \/ Pol\u00edtica de privacitat<\/span><\/strong><\/h3><p><span title=\"Con car\u00e1cter general, Intecnologic.com no registra datos de car\u00e1cter personal que permitan identificar a un Usuario en la navegaci\u00f3n por los Sitios Web;\">Amb car\u00e0cter general, Intecnologic.com no registra dades de car\u00e0cter personal que permetin identificar un usuari en la navegaci\u00f3 per les p\u00e0gines web; <\/span><span title=\"no obstante, s\u00ed se registra datos comerciales, y no de car\u00e1cter no personal a la hora de solicitar informaci\u00f3n a trav\u00e9s del formulario de contacto. \">no obstant aix\u00f2, s\u00ed es registra dades comercials, i no de car\u00e0cter no personal a l\u2019hora de sol\u00b7licitar informaci\u00f3 a trav\u00e9s del formulari de contacte.<\/span><\/p><p><span title=\"Dichos datos son almacenados para realizar la valoraci\u00f3n, y propuesta econ\u00f3mica al requirente de informaci\u00f3n, esta informaci\u00f3n est\u00e1 sometida a criterios de confidencialidad, en el supuesto de que la recogida de datos pudiera estar afecta por la Ley Org\u00e1nica 15\/1999, de 13 de diciembre\">Aquestes dades s\u00f3n emmagatzemades per a realitzar la valoraci\u00f3, i proposta econ\u00f2mica al requeridor d\u2019informaci\u00f3, aquesta informaci\u00f3 est\u00e0 sotmesa a criteris de confidencialitat, en el cas que la recollida de dades pogu\u00e9s estar afecta per <span id=\"result_box\" class=\"\" lang=\"ca\"><span class=\"\">Reglament<\/span> (UE) 2016\/679 del Parlament Europeu i del Consell de 27 d\u2019abril de <span class=\"\">2016<\/span><\/span> <\/span><span title=\", de Protecci\u00f3n de Datos de Car\u00e1cter Personal (LOPD) y dem\u00e1s normativa aplicable, esta recogida de datos se someter\u00e1 a las prevenciones de la Ley y normas complementarias, teniendo en todo caso los usuarios a ejercer sus derechos acceso, rectificaci\u00f3n, cancelaci\u00f3n y oposici\u00f3n,\">i la resta de normativa aplicable, aquesta recollida de dades es sotmetr\u00e0 a les prevencions de la Llei i normes complement\u00e0ries, tenint en tot cas els usuaris a exercir els seus drets acc\u00e9s, rectificaci\u00f3, cancel\u00b7laci\u00f3 i oposici\u00f3, <\/span><span title=\"mediante comunicaci\u00f3n escrita a la direcci\u00f3n de Calle Sardenya n\u00ba 397 1\u00ba-1\u00aa de Barcelona (08025), indicado en su solicitud el concreto ejercicio del derecho que desea ejercer, acompa\u00f1ando fotocopia de su DNI\/NIE o Pasaporte e indicando su direcci\u00f3n a efectos de notificaciones\">mitjan\u00e7ant comunicaci\u00f3 escrita a l\u2019adre\u00e7a de C\/ Moi\u00e0, 9 de Barcelona (08006), indicat en la seva sol\u00b7licitud el concret exercici del dret que desitja exercir, acompanyant fotoc\u00f2pia del seu DNI \/ NIE o passaport i indicant la seva adre\u00e7a a efectes de notificacions <\/span><span title=\".\">. <\/span><span title=\"En el encabezamiento del escrito se indicar\u00e1 claramente \u201cProtecci\u00f3n de Datos\u201d.\">En l\u2019encap\u00e7alament de l\u2019escrit s\u2019indicar\u00e0 clarament \u201cProtecci\u00f3 de Dades\u201d. <\/span><span title=\"Tambi\u00e9n podr\u00e1n ejercitarse tales derechos, cumpliendo los requisitos expuestos, mediante correo electr\u00f3nico dirigido a la direcci\u00f3n &lt;a href=\">info@intecnologic.com, indicando en el campo asunto: \u201cProtecci\u00f3n de Datos\u201d. \u201c&gt;Tamb\u00e9 es poden exercir aquests drets, complint els requisits exposats, mitjan\u00e7ant correu electr\u00f2nic dirigit a l\u2019adre\u00e7a info@intecnologic.com, indicant en el camp assumpte: \u201cProtecci\u00f3 de Dades\u201d.<\/span><\/p><p><span title=\"En caso de que la empresa remita;\">En cas que l\u2019empresa remeti; <\/span><span title=\"noticias, promociones, ofertas, etc, las mismas se ejercen de manera an\u00f3nima, en tanto en cuanto los datos del correo electr\u00f3nico no est\u00e1n relacionados con ning\u00fan dato de car\u00e1cter personal, ni con base de datos relacional alguna, en caso de que el Usuario quisiera\">not\u00edcies, promocions, ofertes, etc, les mateixes s\u2019exerceixen de manera an\u00f2nima, en la mesura que les dades del correu electr\u00f2nic no estan relacionats amb cap dada de car\u00e0cter personal, ni amb base de dades relacional alguna, en cas que l\u2019Usuari voldria <\/span><span title=\"darse de baja en dichos servicios de recepci\u00f3n de informaci\u00f3n, deber\u00e1 remitir un correo electr\u00f3nico dirigido a la direcci\u00f3n &lt;a href=\">info@intecnologic.com, indicando en el campo asunto: \u201cBaja correo electr\u00f3nico\u201d. \u201c&gt;donar-se de baixa en aquests serveis de recepci\u00f3 d\u2019informaci\u00f3, haur\u00e0 de remetre un correu electr\u00f2nic dirigit a l\u2019adre\u00e7a info@intecnologic.com, indicant en el camp assumpte: \u201cbaixa correu electr\u00f2nic\u201d.<\/span><\/p><p><span title=\"Intecnologic.com mantendr\u00e1 la privacidad total de sus Usuarios y de todos sus datos y nunca dar\u00e1 informaci\u00f3n personal a terceras partes sin el consentimiento expreso del Usuario. \">Intecnologic.com mantindr\u00e0 la privacitat total dels seus Usuaris i de totes les seves dades i mai donar\u00e0 informaci\u00f3 personal a terceres parts sense el consentiment expr\u00e9s de l\u2019Usuari.<\/span><\/p><p><span title=\"Intecnologic.com como responsable del fichero garantiza que adopta las medidas de seguridad legalmente exigidas en materia de protecci\u00f3n de datos, garantizando asimismo que mantendr\u00e1 confidencialidad sobre los datos personales que le sean proporcionados por los Usuarios. \">Intecnologic.com com a responsable del fitxer garanteix que adopta les mesures de seguretat legalment exigides en mat\u00e8ria de protecci\u00f3 de dades, garantint aix\u00ed mateix que mantindr\u00e0 confidencialitat sobre les dades personals que li siguin proporcionades pels Usuaris.<\/span><\/p><p>Sota la denominaci\u00f3 de Intecnologic.com, hi ha el titular del negoci N\u00daRIA SU\u00d1\u00c9N SAMS\u00d3 \u2013 CIF \/ NIF: 35043989Q, amb adre\u00e7a al C\/ Moi\u00e0, 9 de Barcelona (08006).<\/p><h3><strong><span title=\"POL\u00cdTICA DE COOKIES DE INCENTIUS TECNOLOGICS \">POL\u00cdTICA DE COOKIES DE Intecnologic<\/span><\/strong><\/h3><p><span title=\"Uso de cookies en la web \"><strong>\u00das de cookies al web<\/strong><br \/><\/span><span title=\"La Ley 34\/2002, de 11 de julio, de Servicios de la Sociedad de la Informaci\u00f3n y Comercio Electr\u00f3nico establece la obligaci\u00f3n de informar de la utilizaci\u00f3n de cookies en la web \">La Llei 34\/2002, de 11 de juliol, de Serveis de la Societat de la Informaci\u00f3 i Comer\u00e7 Electr\u00f2nic estableix l\u2019obligaci\u00f3 d\u2019informar de la utilitzaci\u00f3 de cookies a la web<\/span><\/p><p><span title=\"\u00bfQu\u00e9 son las cookies? \"><strong>Qu\u00e8 s\u00f3n les Cookies?<\/strong><br \/><\/span><span title=\"Una cookie es un fichero que se descarga en su aparato electr\u00f3nico que use para navegar, tales como ordenador, m\u00f3viles, tv, etc, y que permiten, entre otras cosas, facilitar la navegaci\u00f3n y\/o recoger informaci\u00f3n estad\u00edstica que permite, entre otras cosas\">Una galeta \u00e9s un fitxer que es descarrega en el seu aparell electr\u00f2nic que utilitzeu per navegar, com ara ordinador, m\u00f2bils, TV, etc, i que permeten, entre altres coses, facilitar la navegaci\u00f3 i \/ o recollir informaci\u00f3 estad\u00edstica que permet, entre altres coses <\/span><span title=\", recopilar informaci\u00f3n estad\u00edstica, de modo y manera que la navegaci\u00f3n por el sitio web sea m\u00e1s r\u00e1pida y sencilla. \">, recopilar informaci\u00f3 estad\u00edstica, de forma i manera que la navegaci\u00f3 pel lloc web sigui m\u00e9s r\u00e0pida i senzilla.<\/span><\/p><p><span title=\"Tipos de cookies \"><strong>Tipus de Cookies<\/strong><br \/><\/span><span title=\"Hay diferentes tipos de cookies, en todo caso la usada por nuestra web es la anal\u00edtica, que esencialmente es utilizada para realizar un seguimiento sobre el motor de b\u00fasqueda desde el que ha visitado la web y que t\u00e9rminos de b\u00fasqueda se utilizaron para encontrarlo \">Hi ha diferents tipus de galetes, en tot cas la usada per la nostra web \u00e9s l\u2019anal\u00edtica, que essencialment \u00e9s utilitzada per fer un seguiment sobre el motor de cerca des del qual ha visitat la web i que termes de cerca es van utilitzar per trobar-<\/span><\/p><p><span title=\"Aceptaci\u00f3n de cookies \"><strong>Acceptaci\u00f3 de les Cookies<\/strong><br \/><\/span><span title=\"Al acceder a esta web usted consiente la utilizaci\u00f3n de cookies, no obstante, puede configurar su navegador en los links que ponemos a continuaci\u00f3n al objeto de que pueda realizar cualquier acci\u00f3n sobre las mismas, a su libre disposici\u00f3n, prohibiendo incluso la utilizaci\u00f3n de cookies \">En accedir a aquest web vost\u00e8 consent la utilitzaci\u00f3 de cookies, per\u00f2, pot configurar el seu navegador en els links que posem a continuaci\u00f3 a fi de que pugui realitzar qualsevol acci\u00f3 sobre les mateixes, al seu lliure disposici\u00f3, prohibint fins i tot la utilitzaci\u00f3 de cookies:<\/span><\/p><p><a href=\"http:\/\/windows.microsoft.com\/es-es\/internet-explorer\/delete-manage-cookies#ie=ie-11\" target=\"_blank\" rel=\"noopener noreferrer\">Internet Explorer<\/a><\/p><p><a href=\"http:\/\/www.apple.com\/legal\/privacy\/es\/cookies\/\" target=\"_blank\" rel=\"noopener noreferrer\">Safari<\/a><\/p><p><a href=\"https:\/\/support.google.com\/chrome\/answer\/95647?hl=es\" target=\"_blank\" rel=\"noopener noreferrer\">Chrome<\/a><\/p><p><a href=\"https:\/\/support.mozilla.org\/es\/kb\/cookies-informacion-que-los-sitios-web-guardan-en-?redirectlocale=en-US&amp;redirectslug=Cookies\" target=\"_blank\" rel=\"noopener noreferrer\">Firefox<\/a><\/p><p><a href=\"http:\/\/help.opera.com\/Windows\/12.00\/es-ES\/cookies.html\" target=\"_blank\" rel=\"noopener noreferrer\">Opera<\/a><\/p><p><a href=\"https:\/\/privacy.microsoft.com\/es-es\/windows-10-microsoft-edge-and-privacy\">Edge<\/a><\/p><\/div><\/div><\/div><\/div><\/div><\/div><\/div><\/div><\/div><\/div><\/div><\/div><\/div><\/div><\/div><\/div>\t\t\t\t\t\t<\/div>\n\t\t\t\t<\/div>\n\t\t\t\t\t<\/div>\n\t\t\t\t<\/div>\n\t\t\t\t<\/div>\n\t\t","protected":false},"excerpt":{"rendered":"<p>Av\u00eds Legal y Pol\u00edtica de Privacitat Av\u00eds Legal En compliment de la Llei 34\/2002, de 11 de juliol, de Serveis de la Societat de la Informaci\u00f3 i Comer\u00e7 Electr\u00f2nic (LSSI CE), informem als usuaris de les dades de l\u2019empresa propiet\u00e0ria d\u2019aquesta web: NURIA SU\u00d1EN SAMS\u00d3 \u2013 CIF \/ NIF: 35043989QNom Comercial: IntecnologicDomicili Social: C\/Moi\u00e0, 9<\/p>\n","protected":false},"author":2,"featured_media":0,"parent":0,"menu_order":0,"comment_status":"closed","ping_status":"closed","template":"","meta":{"site-sidebar-layout":"no-sidebar","site-content-layout":"page-builder","ast-site-content-layout":"full-width-container","site-content-style":"default","site-sidebar-style":"default","ast-global-header-display":"","ast-banner-title-visibility":"","ast-main-header-display":"","ast-hfb-above-header-display":"","ast-hfb-below-header-display":"","ast-hfb-mobile-header-display":"","site-post-title":"disabled","ast-breadcrumbs-content":"","ast-featured-img":"disabled","footer-sml-layout":"","theme-transparent-header-meta":"","adv-header-id-meta":"","stick-header-meta":"","header-above-stick-meta":"","header-main-stick-meta":"","header-below-stick-meta":"","astra-migrate-meta-layouts":"set","ast-page-background-enabled":"default","ast-page-background-meta":{"desktop":{"background-color":"","background-image":"","background-repeat":"repeat","background-position":"center center","background-size":"auto","background-attachment":"scroll","background-type":"","background-media":"","overlay-type":"","overlay-color":"","overlay-opacity":"","overlay-gradient":""},"tablet":{"background-color":"","background-image":"","background-repeat":"repeat","background-position":"center center","background-size":"auto","background-attachment":"scroll","background-type":"","background-media":"","overlay-type":"","overlay-color":"","overlay-opacity":"","overlay-gradient":""},"mobile":{"background-color":"","background-image":"","background-repeat":"repeat","background-position":"center center","background-size":"auto","background-attachment":"scroll","background-type":"","background-media":"","overlay-type":"","overlay-color":"","overlay-opacity":"","overlay-gradient":""}},"ast-content-background-meta":{"desktop":{"background-color":"var(--ast-global-color-5)","background-image":"","background-repeat":"repeat","background-position":"center center","background-size":"auto","background-attachment":"scroll","background-type":"","background-media":"","overlay-type":"","overlay-color":"","overlay-opacity":"","overlay-gradient":""},"tablet":{"background-color":"var(--ast-global-color-5)","background-image":"","background-repeat":"repeat","background-position":"center center","background-size":"auto","background-attachment":"scroll","background-type":"","background-media":"","overlay-type":"","overlay-color":"","overlay-opacity":"","overlay-gradient":""},"mobile":{"background-color":"var(--ast-global-color-5)","background-image":"","background-repeat":"repeat","background-position":"center center","background-size":"auto","background-attachment":"scroll","background-type":"","background-media":"","overlay-type":"","overlay-color":"","overlay-opacity":"","overlay-gradient":""}},"footnotes":""},"class_list":["post-2549","page","type-page","status-publish","hentry"],"_links":{"self":[{"href":"https:\/\/intecnologic.com\/ca\/wp-json\/wp\/v2\/pages\/2549","targetHints":{"allow":["GET"]}}],"collection":[{"href":"https:\/\/intecnologic.com\/ca\/wp-json\/wp\/v2\/pages"}],"about":[{"href":"https:\/\/intecnologic.com\/ca\/wp-json\/wp\/v2\/types\/page"}],"author":[{"embeddable":true,"href":"https:\/\/intecnologic.com\/ca\/wp-json\/wp\/v2\/users\/2"}],"replies":[{"embeddable":true,"href":"https:\/\/intecnologic.com\/ca\/wp-json\/wp\/v2\/comments?post=2549"}],"version-history":[{"count":11,"href":"https:\/\/intecnologic.com\/ca\/wp-json\/wp\/v2\/pages\/2549\/revisions"}],"predecessor-version":[{"id":2609,"href":"https:\/\/intecnologic.com\/ca\/wp-json\/wp\/v2\/pages\/2549\/revisions\/2609"}],"wp:attachment":[{"href":"https:\/\/intecnologic.com\/ca\/wp-json\/wp\/v2\/media?parent=2549"}],"curies":[{"name":"wp","href":"https:\/\/api.w.org\/{rel}","templated":true}]}}